{"id":12,"date":"2019-11-18T14:24:46","date_gmt":"2019-11-18T14:24:46","guid":{"rendered":"http:\/\/rackmedia.online\/?page_id=12"},"modified":"2024-10-17T18:04:23","modified_gmt":"2024-10-17T18:04:23","slug":"leistungen","status":"publish","type":"page","link":"https:\/\/rackmedia.online\/?page_id=12","title":{"rendered":"Leistungen"},"content":{"rendered":"<p><strong><span style=\"color: #e5006b; font-family: georgia, palatino, serif; font-size: 12pt;\">RACKMEDIA ist Ihre Werbe-, Internet- und Design-Agentur<\/span><\/strong><\/p>\n<p>Die \u201eFull-Service-Agentur\u201d mit der gesamten Bandbreite f\u00fcr Werbeleistungen \u00fcbernimmt die werbepolitische Betreuung f\u00fcr Firmen und ihre Produkte, wenn gew\u00fcnscht selbstverst\u00e4ndlich in eigenem Namen und auf eigene Rechnung. Unsere Beratungs-, Planungs- und Gestaltungsaufgaben basieren auf vertrauensvollen Beziehungen zu unseren Kunden, f\u00fcr die unsere Werbestrategen ,,brennen\u201d.<br \/>\n<img loading=\"lazy\" decoding=\"async\" class=\"aligncenter wp-image-417 size-large\" src=\"https:\/\/rackmedia.online\/wp-content\/uploads\/2019\/12\/film-1-1024x256.png\" alt=\"\" width=\"1024\" height=\"256\" srcset=\"https:\/\/rackmedia.online\/wp-content\/uploads\/2019\/12\/film-1-1024x256.png 1024w, https:\/\/rackmedia.online\/wp-content\/uploads\/2019\/12\/film-1-300x75.png 300w, https:\/\/rackmedia.online\/wp-content\/uploads\/2019\/12\/film-1-768x192.png 768w, https:\/\/rackmedia.online\/wp-content\/uploads\/2019\/12\/film-1-1536x384.png 1536w, https:\/\/rackmedia.online\/wp-content\/uploads\/2019\/12\/film-1.png 1701w\" sizes=\"auto, (max-width: 1024px) 100vw, 1024px\" \/><br \/>\nUnser Angebot umfasst klassische Werbung, wie Zeitungswerbung, Au\u00dfenwerbung oder Werbung in Rundfunk und Fernsehen sowie die klassische Direktwerbung. Hinzu kommen unterschiedlich komplexe Leistungen wie Online-Marketing, Public Relations, Corporate Design \/ Corporate Identity. Analyse, Marketing-Konzepte, Verkaufsf\u00f6rderung, Creativ-Design, Fotografie und Film, Print- und Online-Werbung, Verlagsservice, Gesch\u00e4ftsdrucke, Rollenoffsetdrucke, Werbepr\u00e4sente, Au\u00dfenwerbung, Messebau, Eventmanagement.<\/p>\n","protected":false},"excerpt":{"rendered":"<p>RACKMEDIA ist Ihre Werbe-, Internet- und Design-Agentur Die \u201eFull-Service-Agentur\u201d mit der gesamten Bandbreite f\u00fcr Werbeleistungen \u00fcbernimmt die werbepolitische Betreuung f\u00fcr Firmen und ihre Produkte, wenn gew\u00fcnscht selbstverst\u00e4ndlich in eigenem Namen und auf eigene Rechnung. Unsere Beratungs-, Planungs- und Gestaltungsaufgaben basieren auf vertrauensvollen Beziehungen zu unseren Kunden, f\u00fcr die unsere Werbestrategen ,,brennen\u201d. Unser Angebot umfasst klassische &hellip;<br \/><a href=\"https:\/\/rackmedia.online\/?page_id=12\" class=\"more-link pen_button pen_element_default pen_icon_arrow_double\">Continue reading <span class=\"screen-reader-text\">Leistungen<\/span><\/a><\/p>\n","protected":false},"author":1,"featured_media":0,"parent":0,"menu_order":0,"comment_status":"closed","ping_status":"closed","template":"","meta":{"footnotes":""},"class_list":["post-12","page","type-page","status-publish","hentry"],"_links":{"self":[{"href":"https:\/\/rackmedia.online\/index.php?rest_route=\/wp\/v2\/pages\/12","targetHints":{"allow":["GET"]}}],"collection":[{"href":"https:\/\/rackmedia.online\/index.php?rest_route=\/wp\/v2\/pages"}],"about":[{"href":"https:\/\/rackmedia.online\/index.php?rest_route=\/wp\/v2\/types\/page"}],"author":[{"embeddable":true,"href":"https:\/\/rackmedia.online\/index.php?rest_route=\/wp\/v2\/users\/1"}],"replies":[{"embeddable":true,"href":"https:\/\/rackmedia.online\/index.php?rest_route=%2Fwp%2Fv2%2Fcomments&post=12"}],"version-history":[{"count":9,"href":"https:\/\/rackmedia.online\/index.php?rest_route=\/wp\/v2\/pages\/12\/revisions"}],"predecessor-version":[{"id":729,"href":"https:\/\/rackmedia.online\/index.php?rest_route=\/wp\/v2\/pages\/12\/revisions\/729"}],"wp:attachment":[{"href":"https:\/\/rackmedia.online\/index.php?rest_route=%2Fwp%2Fv2%2Fmedia&parent=12"}],"curies":[{"name":"wp","href":"https:\/\/api.w.org\/{rel}","templated":true}]}}