{"id":244,"date":"2019-11-21T14:53:34","date_gmt":"2019-11-21T14:53:34","guid":{"rendered":"http:\/\/rackmedia.online\/?page_id=244"},"modified":"2024-10-17T18:00:30","modified_gmt":"2024-10-17T18:00:30","slug":"ihr-weg-zu-uns","status":"publish","type":"page","link":"https:\/\/rackmedia.online\/?page_id=244","title":{"rendered":"Ihr Weg zu uns"},"content":{"rendered":"<p><iframe loading=\"lazy\" style=\"border: 2;\" src=\"https:\/\/www.google.com\/maps\/embed?pb=!1m18!1m12!1m3!1d20498.14548237936!2d8.95899803718123!3d50.04380722446331!2m3!1f0!2f0!3f0!3m2!1i1024!2i768!4f13.1!3m3!1m2!1s0x47bd3e2d14c404f7%3A0x98b700aace4e4818!2sR%C3%B6merstra%C3%9Fe+1%2C+63500+Seligenstadt!5e0!3m2!1sde!2sde!4v1470934592640\" width=\"700\" height=\"350\" frameborder=\"1\" allowfullscreen=\"allowfullscreen\"><\/iframe><br \/>\n<b><u><\/u><\/b><\/p>\n<p><span style=\"color: #e5006b;\"><b><u>So finden Sie uns &#8211; im Herzen Seligenstadts!<\/u><\/b><\/span><\/p>\n<p>Damit Sie nicht nur virtuell den Weg zu uns finden, sondern auch mit dem Auto, zu Fu\u00df oder mit den \u00f6ffentlichen Verkehrsmitteln, k\u00f6nnen Sie diese Google-Karte bei Bedarf vergr\u00f6\u00dfern. Parkm\u00f6glichkeiten gibt es \u00e4u\u00dferst altstadtnah in den Parkh\u00e4usern am Steinheimer Torturm und auf dem Parkdeck in der Aschaffenburger Stra\u00dfe. Beide Fu\u00dfwege sind nicht l\u00e4nger als 10 Minuten. Es lohnt, denn Seligenstadt ist immer einen\u00a0Besuch wert. Wir freuen uns, Sie in unserem Hause begr\u00fc\u00dfen zu d\u00fcrfen.<\/p>\n<p>&nbsp;<\/p>\n","protected":false},"excerpt":{"rendered":"<p>So finden Sie uns &#8211; im Herzen Seligenstadts! Damit Sie nicht nur virtuell den Weg zu uns finden, sondern auch mit dem Auto, zu Fu\u00df oder mit den \u00f6ffentlichen Verkehrsmitteln, k\u00f6nnen Sie diese Google-Karte bei Bedarf vergr\u00f6\u00dfern. Parkm\u00f6glichkeiten gibt es \u00e4u\u00dferst altstadtnah in den Parkh\u00e4usern am Steinheimer Torturm und auf dem Parkdeck in der Aschaffenburger &hellip;<br \/><a href=\"https:\/\/rackmedia.online\/?page_id=244\" class=\"more-link pen_button pen_element_default pen_icon_arrow_double\">Continue reading <span class=\"screen-reader-text\">Ihr Weg zu uns<\/span><\/a><\/p>\n","protected":false},"author":1,"featured_media":0,"parent":0,"menu_order":0,"comment_status":"closed","ping_status":"closed","template":"","meta":{"footnotes":""},"class_list":["post-244","page","type-page","status-publish","hentry"],"_links":{"self":[{"href":"https:\/\/rackmedia.online\/index.php?rest_route=\/wp\/v2\/pages\/244","targetHints":{"allow":["GET"]}}],"collection":[{"href":"https:\/\/rackmedia.online\/index.php?rest_route=\/wp\/v2\/pages"}],"about":[{"href":"https:\/\/rackmedia.online\/index.php?rest_route=\/wp\/v2\/types\/page"}],"author":[{"embeddable":true,"href":"https:\/\/rackmedia.online\/index.php?rest_route=\/wp\/v2\/users\/1"}],"replies":[{"embeddable":true,"href":"https:\/\/rackmedia.online\/index.php?rest_route=%2Fwp%2Fv2%2Fcomments&post=244"}],"version-history":[{"count":6,"href":"https:\/\/rackmedia.online\/index.php?rest_route=\/wp\/v2\/pages\/244\/revisions"}],"predecessor-version":[{"id":726,"href":"https:\/\/rackmedia.online\/index.php?rest_route=\/wp\/v2\/pages\/244\/revisions\/726"}],"wp:attachment":[{"href":"https:\/\/rackmedia.online\/index.php?rest_route=%2Fwp%2Fv2%2Fmedia&parent=244"}],"curies":[{"name":"wp","href":"https:\/\/api.w.org\/{rel}","templated":true}]}}