{"id":255,"date":"2019-11-21T16:42:43","date_gmt":"2019-11-21T16:42:43","guid":{"rendered":"http:\/\/rackmedia.online\/?page_id=255"},"modified":"2024-10-17T18:03:34","modified_gmt":"2024-10-17T18:03:34","slug":"kontakt","status":"publish","type":"page","link":"https:\/\/rackmedia.online\/?page_id=255","title":{"rendered":"Kontakt"},"content":{"rendered":"<p>Damit wir mit Ihnen zusammen die beste L\u00f6sung f\u00fcr Sie finden k\u00f6nnen, nehmen Sie doch einfach unverbindlich mit uns Kontakt auf.<br \/>\nWir sind f\u00fcr Sie per E-Mail: <span style=\"color: #e5006b;\"><a style=\"color: #e5006b;\" href=\"mailto:mail@rackmedia.eu\"><strong>mail@rackmedia.eu <\/strong><\/a><\/span>oder telefonisch erreichbar:\u00a0<span style=\"color: #e5006b;\"><strong>0 61 82 \/ 820 35 70<\/strong>.<\/span><br \/>\nGerne nehmen wir uns f\u00fcr Sie Zeit und vereinbaren einen pers\u00f6nlichen Beratungstermin.<\/p>\n<p><strong><span style=\"color: #008484;\">Postanschrift:<\/span><\/strong><br \/>\n<strong><span style=\"color: #008484;\">RACKMEDIA Rudi Rack<\/span><\/strong><br \/>\n<strong><span style=\"color: #008484;\">R\u00f6merstra\u00dfe 1<\/span><\/strong><br \/>\n<strong><span style=\"color: #008484;\">63500 Seligenstadt<\/span><\/strong><\/p>\n<p>Telefon: 06182\/8203570<br \/>\nTelefax: 06182\/9921834<br \/>\nE-Mail: <a href=\"mailto:mail@rackmedia.eu\" target=\"_blank\" rel=\"noopener noreferrer\">mail@rackmedia.eu<\/a><\/p>\n","protected":false},"excerpt":{"rendered":"<p>Damit wir mit Ihnen zusammen die beste L\u00f6sung f\u00fcr Sie finden k\u00f6nnen, nehmen Sie doch einfach unverbindlich mit uns Kontakt auf. Wir sind f\u00fcr Sie per E-Mail: mail@rackmedia.eu oder telefonisch erreichbar:\u00a00 61 82 \/ 820 35 70. Gerne nehmen wir uns f\u00fcr Sie Zeit und vereinbaren einen pers\u00f6nlichen Beratungstermin. Postanschrift: RACKMEDIA Rudi Rack R\u00f6merstra\u00dfe 1 &hellip;<br \/><a href=\"https:\/\/rackmedia.online\/?page_id=255\" class=\"more-link pen_button pen_element_default pen_icon_arrow_double\">Continue reading <span class=\"screen-reader-text\">Kontakt<\/span><\/a><\/p>\n","protected":false},"author":1,"featured_media":0,"parent":0,"menu_order":0,"comment_status":"closed","ping_status":"closed","template":"","meta":{"footnotes":""},"class_list":["post-255","page","type-page","status-publish","hentry"],"_links":{"self":[{"href":"https:\/\/rackmedia.online\/index.php?rest_route=\/wp\/v2\/pages\/255","targetHints":{"allow":["GET"]}}],"collection":[{"href":"https:\/\/rackmedia.online\/index.php?rest_route=\/wp\/v2\/pages"}],"about":[{"href":"https:\/\/rackmedia.online\/index.php?rest_route=\/wp\/v2\/types\/page"}],"author":[{"embeddable":true,"href":"https:\/\/rackmedia.online\/index.php?rest_route=\/wp\/v2\/users\/1"}],"replies":[{"embeddable":true,"href":"https:\/\/rackmedia.online\/index.php?rest_route=%2Fwp%2Fv2%2Fcomments&post=255"}],"version-history":[{"count":7,"href":"https:\/\/rackmedia.online\/index.php?rest_route=\/wp\/v2\/pages\/255\/revisions"}],"predecessor-version":[{"id":728,"href":"https:\/\/rackmedia.online\/index.php?rest_route=\/wp\/v2\/pages\/255\/revisions\/728"}],"wp:attachment":[{"href":"https:\/\/rackmedia.online\/index.php?rest_route=%2Fwp%2Fv2%2Fmedia&parent=255"}],"curies":[{"name":"wp","href":"https:\/\/api.w.org\/{rel}","templated":true}]}}