{"id":387,"date":"2019-11-30T16:19:20","date_gmt":"2019-11-30T16:19:20","guid":{"rendered":"https:\/\/rackmedia.online\/?page_id=387"},"modified":"2019-11-30T21:11:49","modified_gmt":"2019-11-30T21:11:49","slug":"datenschutzerklaerung","status":"publish","type":"page","link":"https:\/\/rackmedia.online\/?page_id=387","title":{"rendered":"Datenschutzerkl\u00e4rung"},"content":{"rendered":"\r\n<p>RACKMEDIA Rudi Rack<br \/>R\u00f6merstra\u00dfe 1<br \/>63500 Seligenstadt<\/p>\r\n<p>Telefon: 06182\/8203570<br \/>Telefax: 06182\/9921834<br \/>E-Mail: mail@rackmedia.eu<\/p>\r\n\r\n\r\n\r\n<p>Die Adressen unserer Websites sind: <br \/>https:\/\/rackmedia.eu<br \/>https:\/\/rackmedia.de<br \/>https:\/\/rackmedia.online<br \/>https:\/\/der-seligenst\u00e4dter.de<br \/>https:\/\/derseligenstaedter.de<br \/>https:\/\/derseligenst\u00e4dter.de<\/p>\r\n<p>\r\n\r\n<\/p>\r\n<p>\r\n\r\n<\/p>\r\n<p>\r\n\r\n<\/p>\r\n\r\n\r\n\r\n<h2 class=\"adsimple-311132373 wp-block-heading\">Datenschutz<\/h2>\r\n<p>Wir haben diese Datenschutzerkl\u00e4rung (Fassung 30.11.2019-311132373) verfasst, um Ihnen gem\u00e4\u00df der Vorgaben der <a class=\"adsimple-311132373\" href=\"https:\/\/eur-lex.europa.eu\/legal-content\/DE\/ALL\/?tid=1234&amp;uri=celex%3A32016R0679&amp;tid=311132373\" target=\"_blank\" rel=\"noopener noreferrer\">Datenschutz-Grundverordnung (EU) 2016\/679<\/a> zu erkl\u00e4ren, welche Informationen wir sammeln, wie wir Daten verwenden und welche Entscheidungsm\u00f6glichkeiten Sie als Besucher dieser Webseite haben.<\/p>\r\n<p>Leider liegt es in der Natur der Sache, dass diese Erkl\u00e4rungen sehr technisch klingen, wir haben uns bei der Erstellung jedoch bem\u00fcht die wichtigsten Dinge so einfach und klar wie m\u00f6glich zu beschreiben.<\/p>\r\n<h2 class=\"adsimple-311132373\">Automatische Datenspeicherung<\/h2>\r\n<p>Wenn Sie heutzutage Webseiten besuchen, werden gewisse Informationen automatisch erstellt und gespeichert, so auch auf dieser Webseite.<\/p>\r\n<p>Wenn Sie unsere Webseite so wie jetzt gerade besuchen, speichert unser Webserver (Computer auf dem diese Webseite gespeichert ist) automatisch Daten wie<\/p>\r\n<ul class=\"adsimple-311132373\">\r\n<li class=\"adsimple-311132373\">die Adresse (URL) der aufgerufenen Webseite<\/li>\r\n<li class=\"adsimple-311132373\">Browser und Browserversion<\/li>\r\n<li class=\"adsimple-311132373\">das verwendete Betriebssystem<\/li>\r\n<li class=\"adsimple-311132373\">die Adresse (URL) der zuvor besuchten Seite (Referrer URL)<\/li>\r\n<li class=\"adsimple-311132373\">den Hostname und die IP-Adresse des Ger\u00e4ts von welchem aus zugegriffen wird<\/li>\r\n<li class=\"adsimple-311132373\">Datum und Uhrzeit<\/li>\r\n<\/ul>\r\n<p>in Dateien (Webserver-Logfiles).<\/p>\r\n<p>In der Regel werden Webserver-Logfiles zwei Wochen gespeichert und danach automatisch gel\u00f6scht. Wir geben diese Daten nicht weiter, k\u00f6nnen jedoch nicht ausschlie\u00dfen, dass diese Daten beim Vorliegen von rechtswidrigem Verhalten eingesehen werden.<br \/>Die Rechtsgrundlage besteht nach <a class=\"adsimple-311132373\" href=\"https:\/\/eur-lex.europa.eu\/legal-content\/DE\/TXT\/HTML\/?uri=CELEX:32016R0679&amp;from=DE&amp;tid=311132373\" target=\"_blank\" rel=\"noopener noreferrer\">Artikel 6\u00a0 Absatz 1 f DSGVO<\/a> (Rechtm\u00e4\u00dfigkeit der Verarbeitung) darin, dass berechtigtes Interesse daran besteht, den fehlerfreien Betrieb dieser Webseite durch das Erfassen von Webserver-Logfiles zu erm\u00f6glichen.<\/p>\r\n<h2 class=\"adsimple-311132373\">Cookies<\/h2>\r\n<p>Unsere Website verwendet HTTP-Cookies um nutzerspezifische Daten zu speichern.<br \/>Im Folgenden erkl\u00e4ren wir, was Cookies sind und warum Sie genutzt werden, damit Sie die folgende Datenschutzerkl\u00e4rung besser verstehen.<\/p>\r\n<h3 class=\"adsimple-311132373\">Was genau sind Cookies?<\/h3>\r\n<p>Immer wenn Sie durch das Internet surfen, verwenden Sie einen Browser. Bekannte Browser sind beispielsweise Chrome, Safari, Firefox, Internet Explorer und Microsoft Edge. Die meisten Webseiten speichern kleine Text-Dateien in Ihrem Browser. Diese Dateien nennt man Cookies.<\/p>\r\n<p>Eines ist nicht von der Hand zu weisen: Cookies sind echt n\u00fctzliche Helferlein. Fast alle Webseiten verwenden\u00a0Cookies. Genauer gesprochen sind es HTTP-Cookies, da es auch noch andere\u00a0Cookies f\u00fcr andere Anwendungsbereiche gibt. HTTP-Cookies\u00a0sind kleine Dateien, die von unserer Website auf Ihrem Computer gespeichert werden. Diese Cookie-Dateien werden automatisch im Cookie-Ordner, quasi dem \u201cHirn\u201d Ihres Browsers, untergebracht. Ein Cookie besteht aus einem Namen und einem Wert. Bei der Definition eines Cookies m\u00fcssen zus\u00e4tzlich ein oder mehrere Attribute angegeben werden.<\/p>\r\n<p>Cookies\u00a0speichern gewisse Nutzerdaten von Ihnen, wie beispielsweise Sprache oder pers\u00f6nliche Seiteneinstellungen. Wenn Sie unsere Seite wieder aufrufen, \u00fcbermittelt Ihr Browser die \u201euserbezogenen\u201c Informationen an unsere Seite zur\u00fcck. Dank der Cookies wei\u00df unsere Website, wer Sie sind und bietet Ihnen Ihre gewohnte Standardeinstellung. In einigen Browsern hat jedes\u00a0Cookie\u00a0eine eigene Datei, in anderen wie beispielsweise Firefox sind alle\u00a0Cookies\u00a0in einer einzigen Datei gespeichert.<\/p>\r\n<p>Es gibt sowohl Erstanbieter Cookies als auch Drittanbieter-Cookies. Erstanbieter-Cookies werden direkt von unserer Seite erstellt, Drittanbieter-Cookies werden von Partner-Webseiten (z.B. Google Analytics) erstellt.\u00a0Jedes Cookie ist individuell zu bewerten, da jedes Cookie andere Daten speichert. Auch die Ablaufzeit eines Cookies variiert von ein paar Minuten bis hin zu ein paar Jahren.\u00a0Cookies sind keine Software-Programme und enthalten keine Viren, Trojaner oder andere \u201eSch\u00e4dlinge\u201c. Cookies k\u00f6nnen auch nicht auf Informationen Ihres PCs zugreifen.<\/p>\r\n<p>So k\u00f6nnen zum Beispiel Cookie-Daten aussehen:<\/p>\r\n<ul class=\"adsimple-311132373\">\r\n<li class=\"adsimple-311132373\">Name: _ga<\/li>\r\n<li class=\"adsimple-311132373\">Ablaufzeit: 2 Jahre<\/li>\r\n<li class=\"adsimple-311132373\">Verwendung: Unterscheidung der Webseitenbesucher<\/li>\r\n<li class=\"adsimple-311132373\">Beispielhafter Wert:\u00a0GA1.2.1326744211.152311132373<\/li>\r\n<\/ul>\r\n<p>Ein Browser sollte folgende Mindestgr\u00f6\u00dfen unterst\u00fctzen:<\/p>\r\n<ul class=\"adsimple-311132373\">\r\n<li class=\"adsimple-311132373\">Ein Cookie soll mindestens 4096 Bytes enthalten k\u00f6nnen<\/li>\r\n<li class=\"adsimple-311132373\">Pro Domain sollen mindestens 50 Cookies gespeichert werden k\u00f6nnen<\/li>\r\n<li class=\"adsimple-311132373\">Insgesamt sollen mindestens 3000 Cookies gespeichert werden k\u00f6nnen<\/li>\r\n<\/ul>\r\n<h3 class=\"adsimple-311132373\">Welche Arten von Cookies gibt es?<\/h3>\r\n<p>Die Frage welche Cookies wir im Speziellen verwenden, h\u00e4ngt von den verwendeten Diensten ab und wird in der folgenden Abschnitten der Datenschutzerkl\u00e4rung gekl\u00e4rt. An dieser Stelle m\u00f6chten wir kurz auf die verschiedenen Arten von HTTP-Cookies eingehen.<\/p>\r\n<p>Man kann 4 Arten von Cookies unterscheiden:<\/p>\r\n<p><strong class=\"adsimple-311132373\">Unbedingt notwendige Cookies<br \/><\/strong>Diese Cookies sind n\u00f6tig, um grundlegende Funktionen der Website sicherzustellen. Zum Beispiel braucht es diese Cookies, wenn ein User ein Produkt in den Warenkorb legt, dann auf anderen Seiten weitersurft und sp\u00e4ter erst zur Kasse geht. Durch diese Cookies wird der Warenkorb nicht gel\u00f6scht, selbst wenn der User sein Browserfenster schlie\u00dft.<\/p>\r\n<p><strong class=\"adsimple-311132373\">Funktionelle Cookies<br \/><\/strong>Diese Cookies sammeln Infos \u00fcber das Userverhalten und ob der User etwaige Fehlermeldungen bekommt. Zudem werden mithilfe dieser Cookies auch die Ladezeit und das Verhalten der Website bei verschiedenen Browsern gemessen.<\/p>\r\n<p><strong class=\"adsimple-311132373\">Zielorientierte Cookies<br \/><\/strong>Diese Cookies sorgen f\u00fcr eine bessere Nutzerfreundlichkeit. Beispielsweise werden eingegebene Standorte, Schriftgr\u00f6\u00dfen oder Formulardaten gespeichert.<\/p>\r\n<p><strong class=\"adsimple-311132373\">Werbe-Cookies<br \/><\/strong>Diese Cookies werden auch Targeting-Cookies genannt. Sie dienen dazu dem User individuell angepasste Werbung zu liefern. Das kann sehr praktisch, aber auch sehr nervig sein.<\/p>\r\n<p>\u00dcblicherweise werden Sie beim erstmaligen Besuch einer Webseite gefragt, welche dieser Cookiearten Sie zulassen m\u00f6chten. Und nat\u00fcrlich wird diese Entscheidung auch in einem Cookie gespeichert.<\/p>\r\n<h3 class=\"adsimple-311132373\">Wie kann ich Cookies l\u00f6schen?<\/h3>\r\n<p>Wie und ob Sie Cookies verwenden wollen, entscheiden Sie selbst. Unabh\u00e4ngig von welchem Service oder welcher Website die Cookies stammen, haben Sie immer die M\u00f6glichkeit\u00a0Cookies zu l\u00f6schen, nur teilweise zuzulassen oder zu deaktivieren. Zum Beispiel k\u00f6nnen Sie Cookies von Drittanbietern blockieren, aber alle anderen Cookies zulassen.<\/p>\r\n<p>Wenn Sie feststellen m\u00f6chten, welche Cookies in Ihrem Browser gespeichert wurden, wenn Sie Cookie-Einstellungen \u00e4ndern oder l\u00f6schen wollen, k\u00f6nnen Sie dies in Ihren Browser-Einstellungen finden:<\/p>\r\n<p><a class=\"adsimple-311132373\" href=\"https:\/\/support.google.com\/chrome\/answer\/95647?tid=311132373\" target=\"_blank\" rel=\"noopener noreferrer\">Chrome: Cookies in Chrome l\u00f6schen, aktivieren und verwalten<\/a><\/p>\r\n<p><a class=\"adsimple-311132373\" href=\"https:\/\/support.apple.com\/de-at\/guide\/safari\/sfri11471\/mac?tid=311132373\" target=\"_blank\" rel=\"noopener noreferrer\">Safari: Verwalten von Cookies und Websitedaten mit Safari<\/a><\/p>\r\n<p><a class=\"adsimple-311132373\" href=\"https:\/\/support.mozilla.org\/de\/kb\/cookies-und-website-daten-in-firefox-loschen?tid=311132373\" target=\"_blank\" rel=\"noopener noreferrer\">Firefox: Cookies l\u00f6schen, um Daten zu entfernen, die Websites auf Ihrem Computer abgelegt haben<\/a><\/p>\r\n<p><a class=\"adsimple-311132373\" href=\"https:\/\/support.microsoft.com\/de-at\/help\/17442\/windows-internet-explorer-delete-manage-cookies?tid=311132373\" target=\"_blank\" rel=\"noopener noreferrer\">Internet Explorer: L\u00f6schen und Verwalten von Cookies<\/a><\/p>\r\n<p><a class=\"adsimple-311132373\" href=\"https:\/\/support.microsoft.com\/de-at\/help\/4027947\/windows-delete-cookies?tid=311132373\" target=\"_blank\" rel=\"noopener noreferrer\">Microsoft Edge: L\u00f6schen und Verwalten von Cookies<\/a><\/p>\r\n<p>Falls Sie grunds\u00e4tzlich keine Cookies haben wollen, k\u00f6nnen Sie Ihren Browser so einrichten, dass er Sie immer informiert, wenn ein Cookie gesetzt werden soll. So k\u00f6nnen Sie bei jedem einzelnen Cookie entscheiden, ob Sie das Cookie erlauben oder nicht. Die Vorgangsweise ist je nach Browser verschieden. Am besten ist es Sie suchen die Anleitung in Google mit dem Suchbegriff \u201cCookies l\u00f6schen Chrome\u201d oder \u201cCookies deaktivieren Chrome\u201d im Falle eines Chrome Browsers oder tauschen das Wort \u201cChrome\u201d gegen den Namen Ihres Browsers, z.B. Edge, Firefox, Safari aus.<\/p>\r\n<h3 class=\"adsimple-311132373\">Wie sieht es mit meinem Datenschutz aus?<\/h3>\r\n<p>Seit 2009 gibt es die sogenannten \u201eCookie-Richtlinien\u201c. Darin ist festgehalten, dass das Speichern von Cookies eine Einwilligung des Website-Besuchers (also von Ihnen) verlangt. Innerhalb der EU-L\u00e4nder gibt es allerdings noch sehr unterschiedliche Reaktionen auf diese Richtlinien. In Deutschland wurden die Cookie-Richtlinien nicht als nationales Recht umgesetzt. Stattdessen erfolgte die Umsetzung dieser Richtlinie weitgehend in \u00a7 15 Abs.3 des Telemediengesetzes (TMG).<\/p>\r\n<p>Wenn Sie mehr \u00fcber Cookies wissen m\u00f6chten und vor technischen Dokumentationen nicht zur\u00fcckscheuen, empfehlen wir\u00a0<a class=\"adsimple-311132373\" href=\"https:\/\/tools.ietf.org\/html\/rfc6265\" target=\"_blank\" rel=\"nofollow noopener noreferrer\">https:\/\/tools.ietf.org\/html\/rfc6265<\/a>, dem Request for Comments der Internet Engineering Task Force (IETF) namens \u201cHTTP State Management Mechanism\u201d.<\/p>\r\n<h2 class=\"adsimple-311132373\">Rechte laut Datenschutzgrundverordnung<\/h2>\r\n<p>Ihnen stehen laut den Bestimmungen der DSGVO grunds\u00e4tzlich die folgende Rechte zu:<\/p>\r\n<ul class=\"adsimple-311132373\">\r\n<li class=\"adsimple-311132373\">Recht auf Berichtigung (Artikel 16 DSGVO)<\/li>\r\n<li class=\"adsimple-311132373\">Recht auf L\u00f6schung (\u201eRecht auf Vergessenwerden\u201c) (Artikel 17 DSGVO)<\/li>\r\n<li class=\"adsimple-311132373\">Recht auf Einschr\u00e4nkung der Verarbeitung (Artikel 18 DSGVO)<\/li>\r\n<li class=\"adsimple-311132373\">Recht auf Benachrichtigung \u2013 Mitteilungspflicht im Zusammenhang mit der Berichtigung oder L\u00f6schung personenbezogener Daten oder der Einschr\u00e4nkung der Verarbeitung (Artikel 19 DSGVO)<\/li>\r\n<li class=\"adsimple-311132373\">Recht auf Daten\u00fcbertragbarkeit (Artikel 20 DSGVO)<\/li>\r\n<li class=\"adsimple-311132373\">Widerspruchsrecht (Artikel 21 DSGVO)<\/li>\r\n<li class=\"adsimple-311132373\">Recht, nicht einer ausschlie\u00dflich auf einer automatisierten Verarbeitung \u2014 einschlie\u00dflich Profiling \u2014 beruhenden Entscheidung unterworfen zu werden (Artikel 22 DSGVO)<\/li>\r\n<\/ul>\r\n<p>Wenn Sie glauben, dass die Verarbeitung Ihrer Daten gegen das Datenschutzrecht verst\u00f6\u00dft oder Ihre datenschutzrechtlichen Anspr\u00fcche sonst in einer Weise verletzt worden sind, k\u00f6nnen Sie sich an die <a class=\"adsimple-311132373\" href=\"https:\/\/www.bfdi.bund.de\/DE\/Datenschutz\/Ueberblick\/MeineRechte\/Artikel\/BeschwerdeBeiDatenschutzbehoereden.html?tid=311132373\" target=\"_blank\" rel=\"noopener noreferrer\">Bundesbeauftragte f\u00fcr den Datenschutz und die Informationsfreiheit (BfDI)<\/a> wenden.<\/p>\r\n<h2 class=\"adsimple-311132373\">TLS-Verschl\u00fcsselung mit https<\/h2>\r\n<p>Wir verwenden https um Daten abh\u00f6rsicher im Internet zu \u00fcbertragen (Datenschutz durch Technikgestaltung <a class=\"adsimple-311132373\" href=\"https:\/\/eur-lex.europa.eu\/legal-content\/DE\/TXT\/HTML\/?uri=CELEX:32016R0679&amp;from=DE&amp;tid=311132373\" target=\"_blank\" rel=\"noopener noreferrer\">Artikel 25 Absatz 1 DSGVO<\/a>). Durch den Einsatz von TLS (Transport Layer Security), einem Verschl\u00fcsselungsprotokoll zur sicheren Daten\u00fcbertragung im Internet k\u00f6nnen wir den Schutz vertraulicher Daten sicherstellen. Sie erkennen die Benutzung dieser Absicherung der Daten\u00fcbertragung am kleinen Schlo\u00dfsymbol links oben im Browser und der Verwendung des Schemas https (anstatt http) als Teil unserer Internetadresse.<\/p>\r\n<h2 class=\"adsimple-311132373\">Google Maps Datenschutzerkl\u00e4rung<\/h2>\r\n<p>Wir ben\u00fctzen auf unserer Website Google Maps der Firma Google Inc. (1600 Amphitheatre Parkway Mountain View, CA 94043, USA). Mit Google Maps k\u00f6nnen wir Standorte visuell besser darstellen und damit unser Service verbessern. Durch die Verwendung von Google Maps werden Daten an Google \u00fcbertragen und auf den Google-Servern gespeichert. Hier wollen wir nun genauer darauf eingehen, was Google Maps ist, warum wir diesen Google-Dienst in Anspruch nehmen, welche Daten gespeichert werden und wie Sie dies unterbinden k\u00f6nnen.<\/p>\r\n<h3 class=\"adsimple-311132373\">Was ist Google Maps?<\/h3>\r\n<p>Google Maps ist ein Online-Kartendienst der Firma Google Inc. Mit Google Maps k\u00f6nnen Sie im Internet \u00fcber einen PC oder \u00fcber eine App genaue Standorte von St\u00e4dten, Sehensw\u00fcrdigkeiten, Unterk\u00fcnften oder Unternehmen suchen. Wenn Unternehmen auf Google My Business vertreten sind, werden neben dem Standort noch weitere Informationen \u00fcber die Firma angezeigt. Um\u00a0 die Anfahrtsm\u00f6glichkeit anzuzeigen, k\u00f6nnen Kartenausschnitte eines Standorts per HTML-Code in eine Website eingebunden werden. Google Maps zeigt die Erdoberfl\u00e4che als Stra\u00dfenkarte oder als Luft- bzw. Satellitenbild an. Dank der Street View Bilder und den qualitativ hochwertigen Satellitenbildern sind sehr genaue Darstellungen m\u00f6glich.<\/p>\r\n<h3 class=\"adsimple-311132373\">Warum verwenden wir Google Maps auf unserer Website?<\/h3>\r\n<p>All unsere Bem\u00fchungen auf dieser Seite verfolgen das Ziel, Ihnen eine n\u00fctzliche und sinnvolle Zeit auf unserer Website zu bieten. Durch die Einbindung von Google Maps k\u00f6nnen wir Ihnen die wichtigsten Informationen zu diversen Standorten liefern. Dank Google Maps sehen Sie auf einen Blick wo wir unseren Firmensitz haben. Die Wegbeschreibung zeigt Ihnen immer den besten bzw. schnellsten Weg zu uns. Sie k\u00f6nnen den Anfahrtsweg f\u00fcr Routen mit dem Auto, mit \u00f6ffentlichen Verkehrsmitteln, zu Fu\u00df oder mit dem Fahrrad abrufen. F\u00fcr uns ist die Bereitstellung von Google Maps Teil unseres Kundenservice.<\/p>\r\n<h3 class=\"adsimple-311132373\">Welche Daten werden von Google Maps gespeichert?<\/h3>\r\n<p>Damit Google Maps ihren Dienst vollst\u00e4ndig anbieten kann, muss das Unternehmen Daten von Ihnen aufnehmen und speichern. Dazu z\u00e4hlen unter anderem die eingegebenen Suchbegriffe, Ihre IP-Adresse und die Breiten- bzw. L\u00e4ngenkoordinaten. Benutzen Sie die Routenplaner-Funktion wird auch die eingegebene Startadresse gespeichert. Diese Datenspeicherung passiert allerdings auf den Webseiten von Google Maps. Wir k\u00f6nnen Sie dar\u00fcber nur informieren, aber keinen Einfluss nehmen. Da wir Google Maps in unsere Website eingebunden haben, setzt Google mindestens ein Cookie (Name: NID) in Ihrem Browser. Dieses Cookie speichert Daten \u00fcber Ihr Userverhalten. Google nutzt diese Daten in erster Linie, um eigene Dienste zu optimieren und individuelle, personalisierte Werbung f\u00fcr Sie bereitzustellen.<\/p>\r\n<p>Folgendes Cookie wird aufgrund der Einbindung von Google Maps in Ihrem Browser gesetzt:<\/p>\r\n<ul class=\"adsimple-311132373\">\r\n<li class=\"adsimple-311132373\"><strong class=\"adsimple-311132373\">Name:<\/strong> NID<\/li>\r\n<li class=\"adsimple-311132373\"><strong class=\"adsimple-311132373\">Ablaufzeit:<\/strong> nach 6 Monaten<\/li>\r\n<li class=\"adsimple-311132373\"><strong class=\"adsimple-311132373\">Verwendung:<\/strong> NID wird von Google verwendet, um Werbeanzeigen an Ihre Google-Suche anzupassen. Mit Hilfe des Cookies \u201eerinnert\u201c sich Google an Ihre am h\u00e4ufigsten eingegebenen Suchanfragen oder Ihre fr\u00fchere Interaktion mit Anzeigen. So bekommen Sie immer ma\u00dfgeschneiderte Werbeanzeigen. Das Cookie enth\u00e4lt eine einzigartige ID, die Google benutzt, pers\u00f6nliche Einstellungen des Users f\u00fcr Werbezwecke zu sammeln.<\/li>\r\n<li class=\"adsimple-311132373\"><strong class=\"adsimple-311132373\">Beispielwert:<\/strong> 188=h26c1Ktha7fCQTx8rXgLyATyITJ311132373<\/li>\r\n<\/ul>\r\n<p><strong class=\"adsimple-311132373\">Anmerkung:<\/strong> Wir k\u00f6nnen bei den Angaben der gespeicherten Daten keine Vollst\u00e4ndigkeit gew\u00e4hrleisten. Speziell bei der Verwendung von Cookies sind Ver\u00e4nderungen bei Google nie auszuschlie\u00dfen. Um das Cookie NID zu identifizieren, wurde eine eigene Testseite angelegt, wo ausschlie\u00dflich Google Maps eingebunden war.<\/p>\r\n<h3 class=\"adsimple-311132373\">Wie lange und wo werden die Daten gespeichert?<\/h3>\r\n<p>Die Google-Server stehen in Rechenzentren auf der ganzen Welt. Die meisten Server befinden sich allerdings in Amerika. Aus diesem Grund werden Ihre Daten auch vermehrt in den USA gespeichert. Hier k\u00f6nnen Sie genau nachlesen wo sich die Google-Rechenzentren befinden: <a class=\"adsimple-311132373\" href=\"https:\/\/www.google.com\/about\/datacenters\/inside\/locations\/?hl=de\" target=\"_blank\" rel=\"noopener noreferrer\">https:\/\/www.google.com\/about\/datacenters\/inside\/locations\/?hl=de<\/a><\/p>\r\n<p>Die Daten verteilt Google auf verschiedenen Datentr\u00e4gern. Dadurch sind die Daten schneller abrufbar und werden vor etwaigen Manipulationsversuchen besser gesch\u00fctzt. Jedes Rechenzentrum hat auch spezielle Notfallprogramme. Wenn es zum Beispiel Probleme bei der Google-Hardware gibt oder eine Naturkatastrophe die Server beeintr\u00e4chtigt, bleiben die Daten mit hoher Wahrscheinlich dennoch gesch\u00fctzt.<\/p>\r\n<p>Manche Daten speichert Google f\u00fcr einen festgelegten Zeitraum. Bei anderen Daten bietet Google lediglich die M\u00f6glichkeit, diese manuell zu l\u00f6schen. Weiters anonymisiert das Unternehmen auch Informationen (wie zum Beispiel Werbedaten) in Serverprotokollen, indem sie einen Teil der IP-Adresse und Cookie-Informationen nach 9 bzw.18 Monaten l\u00f6schen.<\/p>\r\n<h3 class=\"adsimple-311132373\">Wie kann ich meine Daten l\u00f6schen bzw. die Datenspeicherung verhindern?<\/h3>\r\n<p>Mit der 2019 eingef\u00fchrten automatischen L\u00f6schfunktion von Standort- und Aktivit\u00e4tsdaten werden Informationen zur Standortbestimmung und Web-\/App-Aktivit\u00e4t \u2013 abh\u00e4ngig von Ihrer Entscheidung \u2013 entweder 3 oder 18 Monate gespeichert und dann gel\u00f6scht. Zudem kann man diese Daten \u00fcber das Google-Konto auch jederzeit manuell aus dem Verlauf l\u00f6schen. Wenn Sie Ihre Standorterfassung vollst\u00e4ndig verhindern wollen, m\u00fcssen Sie im Google-Konto die Rubrik \u201eWeb- und App-Aktivit\u00e4t\u201c pausieren. Klicken Sie \u201eDaten und Personalisierung\u201c und dann auf die Option \u201eAktivit\u00e4tseinstellung\u201c. Hier k\u00f6nnen Sie die Aktivit\u00e4ten ein- bzw. ausschalten.<\/p>\r\n<p>In Ihrem Browser k\u00f6nnen Sie weiters auch einzelne Cookies deaktivieren, l\u00f6schen oder verwalten. Je nach dem welchen Browser Sie verwenden, funktioniert dies auf unterschiedliche Art und Weise. Die folgenden Anleitungen zeigen, wie Sie Cookies in Ihrem Browser verwalten:<\/p>\r\n<p><a class=\"adsimple-311132373\" href=\"https:\/\/support.google.com\/chrome\/answer\/95647?tid=311132373\" target=\"_blank\" rel=\"noopener noreferrer\">Chrome: Cookies in Chrome l\u00f6schen, aktivieren und verwalten<\/a><\/p>\r\n<p><a class=\"adsimple-311132373\" href=\"https:\/\/support.apple.com\/de-at\/guide\/safari\/sfri11471\/mac?tid=311132373\" target=\"_blank\" rel=\"noopener noreferrer\">Safari: Verwalten von Cookies und Websitedaten mit Safari<\/a><\/p>\r\n<p><a class=\"adsimple-311132373\" href=\"https:\/\/support.mozilla.org\/de\/kb\/cookies-und-website-daten-in-firefox-loschen?tid=311132373\" target=\"_blank\" rel=\"noopener noreferrer\">Firefox: Cookies l\u00f6schen, um Daten zu entfernen, die Websites auf Ihrem Computer abgelegt haben<\/a><\/p>\r\n<p><a class=\"adsimple-311132373\" href=\"https:\/\/support.microsoft.com\/de-at\/help\/17442\/windows-internet-explorer-delete-manage-cookies?tid=311132373\" target=\"_blank\" rel=\"noopener noreferrer\">Internet Explorer: L\u00f6schen und Verwalten von Cookies<\/a><\/p>\r\n<p><a class=\"adsimple-311132373\" href=\"https:\/\/support.microsoft.com\/de-at\/help\/4027947\/windows-delete-cookies?tid=311132373\" target=\"_blank\" rel=\"noopener noreferrer\">Microsoft Edge: L\u00f6schen und Verwalten von Cookies<\/a><\/p>\r\n<p>Falls Sie grunds\u00e4tzlich keine Cookies haben wollen, k\u00f6nnen Sie Ihren Browser so einrichten, dass er Sie immer informiert, wenn ein Cookie gesetzt werden soll. So k\u00f6nnen Sie bei jedem einzelnen Cookie entscheiden, ob Sie es erlauben oder nicht.<\/p>\r\n<p>Google ist aktiver Teilnehmer beim EU-U.S. Privacy Shield Framework, wodurch der korrekte und sichere Datentransfer pers\u00f6nlicher Daten geregelt wird. Mehr Informationen dazu finden Sie auf <a class=\"adsimple-311132373\" href=\"https:\/\/www.privacyshield.gov\/participant?id=a2zt0000000TO6hAAG\" target=\"_blank\" rel=\"noopener noreferrer\">https:\/\/www.privacyshield.gov\/participant?id=a2zt0000000TO6hAAG<\/a>. Wenn Sie mehr \u00fcber die Datenverarbeitung von Google erfahren wollen, empfehlen wir Ihnen die hauseigene Datenschutzerkl\u00e4rung des Unternehmens unter <a class=\"adsimple-311132373\" href=\"https:\/\/policies.google.com\/privacy?hl=de\" target=\"_blank\" rel=\"noopener noreferrer\">https:\/\/policies.google.com\/privacy?hl=de<\/a>.<\/p>\r\n<p>Quelle: Erstellt\u00a0mit dem\u00a0<a title=\"Datenschutz Generator Deutschland\" href=\"https:\/\/www.adsimple.de\/datenschutz-generator\/\" target=\"_blank\" rel=\"follow noopener noreferrer\">Datenschutz Generator<\/a> von AdSimple\u00a0in Kooperation mit <a title=\"\" href=\"https:\/\/www.warkly.de\" target=\"_blank\" rel=\"follow noopener noreferrer\">warkly.de<\/a><\/p>\r\n","protected":false},"excerpt":{"rendered":"<p>RACKMEDIA Rudi RackR\u00f6merstra\u00dfe 163500 Seligenstadt Telefon: 06182\/8203570Telefax: 06182\/9921834E-Mail: mail@rackmedia.eu Die Adressen unserer Websites sind: https:\/\/rackmedia.euhttps:\/\/rackmedia.dehttps:\/\/rackmedia.onlinehttps:\/\/der-seligenst\u00e4dter.dehttps:\/\/derseligenstaedter.dehttps:\/\/derseligenst\u00e4dter.de Datenschutz Wir haben diese Datenschutzerkl\u00e4rung (Fassung 30.11.2019-311132373) verfasst, um Ihnen gem\u00e4\u00df der Vorgaben der Datenschutz-Grundverordnung (EU) 2016\/679 zu erkl\u00e4ren, welche Informationen wir sammeln, wie wir Daten verwenden und welche Entscheidungsm\u00f6glichkeiten Sie als Besucher dieser Webseite haben. Leider liegt es in &hellip;<br \/><a href=\"https:\/\/rackmedia.online\/?page_id=387\" class=\"more-link pen_button pen_element_default pen_icon_arrow_double\">Continue reading <span class=\"screen-reader-text\">Datenschutzerkl\u00e4rung<\/span><\/a><\/p>\n","protected":false},"author":1,"featured_media":0,"parent":0,"menu_order":0,"comment_status":"closed","ping_status":"closed","template":"","meta":{"footnotes":""},"class_list":["post-387","page","type-page","status-publish","hentry"],"_links":{"self":[{"href":"https:\/\/rackmedia.online\/index.php?rest_route=\/wp\/v2\/pages\/387","targetHints":{"allow":["GET"]}}],"collection":[{"href":"https:\/\/rackmedia.online\/index.php?rest_route=\/wp\/v2\/pages"}],"about":[{"href":"https:\/\/rackmedia.online\/index.php?rest_route=\/wp\/v2\/types\/page"}],"author":[{"embeddable":true,"href":"https:\/\/rackmedia.online\/index.php?rest_route=\/wp\/v2\/users\/1"}],"replies":[{"embeddable":true,"href":"https:\/\/rackmedia.online\/index.php?rest_route=%2Fwp%2Fv2%2Fcomments&post=387"}],"version-history":[{"count":4,"href":"https:\/\/rackmedia.online\/index.php?rest_route=\/wp\/v2\/pages\/387\/revisions"}],"predecessor-version":[{"id":395,"href":"https:\/\/rackmedia.online\/index.php?rest_route=\/wp\/v2\/pages\/387\/revisions\/395"}],"wp:attachment":[{"href":"https:\/\/rackmedia.online\/index.php?rest_route=%2Fwp%2Fv2%2Fmedia&parent=387"}],"curies":[{"name":"wp","href":"https:\/\/api.w.org\/{rel}","templated":true}]}}